{"id":20001,"date":"2025-09-21T21:41:53","date_gmt":"2025-09-21T21:41:53","guid":{"rendered":"https:\/\/example.com\/?page_id=20001"},"modified":"2026-03-14T14:45:48","modified_gmt":"2026-03-14T14:45:48","slug":"accueil","status":"publish","type":"page","link":"https:\/\/uneadresseaparis.ovh\/index.php\/fr\/accueil\/","title":{"rendered":"La Franciade"},"content":{"rendered":"\n<div class=\"wp-block-group has-global-padding is-layout-constrained wp-block-group-is-layout-constrained\">\n<div class=\"wp-block-group has-global-padding is-layout-constrained wp-block-group-is-layout-constrained\">\n<p><em>Le charme d\u2019hier, la douceur d\u2019aujourd\u2019hui<\/em><\/p>\n\n\n\n<p><\/p>\n\n\n\n<h3 class=\"wp-block-heading\">Pied \u00e0 terre central tout confort<\/h3>\n<\/div>\n\n\n\n<figure class=\"wp-block-image size-large\"><img loading=\"lazy\" decoding=\"async\" width=\"1024\" height=\"768\" src=\"https:\/\/uneadresseaparis.ovh\/wp-content\/uploads\/2025\/12\/IMG_3771-1024x768.jpeg\" alt=\"\" class=\"wp-image-20268\" srcset=\"https:\/\/uneadresseaparis.ovh\/wp-content\/uploads\/2025\/12\/IMG_3771-1024x768.jpeg 1024w, https:\/\/uneadresseaparis.ovh\/wp-content\/uploads\/2025\/12\/IMG_3771-300x225.jpeg 300w, https:\/\/uneadresseaparis.ovh\/wp-content\/uploads\/2025\/12\/IMG_3771-768x576.jpeg 768w, https:\/\/uneadresseaparis.ovh\/wp-content\/uploads\/2025\/12\/IMG_3771-1536x1152.jpeg 1536w, https:\/\/uneadresseaparis.ovh\/wp-content\/uploads\/2025\/12\/IMG_3771-2048x1536.jpeg 2048w\" sizes=\"auto, (max-width: 1024px) 100vw, 1024px\" \/><\/figure>\n\n\n\n<div class=\"wp-block-columns is-layout-flex wp-container-core-columns-is-layout-28f84493 wp-block-columns-is-layout-flex\">\n<div class=\"wp-block-column is-layout-flow wp-block-column-is-layout-flow\">\n<p>Posez vos valises, Paris est \u00e0 vous!<\/p>\n\n\n\n<p>Nich\u00e9 \u00e0 la crois\u00e9e des rues Saint\u2011Denis et Saint\u2011Sauveur, au coeur du 2e arrondissement, ce chaleureux studio baign\u00e9 de lumi\u00e8re offre tout le confort d&#8217;un pied-\u00e0-terre en ville. <\/p>\n\n\n\n<p>\u00c9difi\u00e9 aux alentours de\u00a01780, cet immeuble incarne l&#8217;\u00e9l\u00e9gance sobre de la fin de l&#8217;Ancien R\u00e9gime. Sa fa\u00e7ade n\u00e9oclassique, rythm\u00e9e par de d\u00e9licates\u00a0ferronneries Louis XVI\u00a0d&#8217;origine, cache une structure int\u00e9rieure authentique o\u00f9 les\u00a0poutres apparentes\u00a0et les murs en pierre de taille racontent le Paris d&#8217;autrefois.<\/p>\n\n\n\n<p>\u00c0 deux pas de la chic et anim\u00e9e rue Montorgeuil, l&#8217;appartement est \u00e0 proximit\u00e9 de toutes les commodit\u00e9s, ainsi que des lieux parisiens les plus prestigieux: Les Halles, Mus\u00e9e du Louvre, Op\u00e9ra&#8230;<\/p>\n<\/div>\n\n\n\n<div class=\"wp-block-column is-layout-flow wp-block-column-is-layout-flow\">\n<p><\/p>\n\n\n\n<ul class=\"wp-block-list\">\n<li>Arriv\u00e9e autonome <\/li>\n\n\n\n<li>3\u1d49 \u00e9tage (escalier \u00e9troit), sans vis \u00e0 vis<\/li>\n\n\n\n<li>2 canap\u00e9s double convertibles<\/li>\n\n\n\n<li>Kitchenette \u00e9quip\u00e9e et coin repas<\/li>\n\n\n\n<li>Literie, lave-linge et Wi\u2011Fi<\/li>\n<\/ul>\n\n\n\n<p><\/p>\n<\/div>\n<\/div>\n\n\n\n<div class=\"wp-block-buttons is-layout-flex wp-block-buttons-is-layout-flex\">\n<div class=\"wp-block-button\"><a class=\"wp-block-button__link has-white-color has-black-background-color has-text-color has-background wp-element-button\" href=\"https:\/\/uneadresseaparis.ovh\/index.php\/fr\/disponibilites\/\" target=\"_blank\" rel=\"noopener noreferrer noopener\">Voir les disponibilit\u00e9s<\/a><\/div>\n\n\n\n<div class=\"wp-block-button\"><a class=\"wp-block-button__link wp-element-button\" href=\"mailto:info@unappartaparis.fr\">info@unappartaparis.fr<\/a><\/div>\n<\/div>\n\n\n\n<h2 class=\"wp-block-heading\" id=\"photos\">Photos<\/h2>\n\n\n\n<figure class=\"wp-block-gallery has-nested-images columns-default is-cropped wp-block-gallery-1 is-layout-flex wp-block-gallery-is-layout-flex\">\n<figure data-wp-context=\"{&quot;imageId&quot;:&quot;69d9e042eaa09&quot;}\" data-wp-interactive=\"core\/image\" data-wp-key=\"69d9e042eaa09\" class=\"wp-block-image size-large wp-lightbox-container\"><img loading=\"lazy\" decoding=\"async\" width=\"1024\" height=\"768\" data-wp-class--hide=\"state.isContentHidden\" data-wp-class--show=\"state.isContentVisible\" data-wp-init=\"callbacks.setButtonStyles\" data-wp-on--click=\"actions.showLightbox\" data-wp-on--load=\"callbacks.setButtonStyles\" data-wp-on-window--resize=\"callbacks.setButtonStyles\" data-id=\"20269\" src=\"https:\/\/uneadresseaparis.ovh\/wp-content\/uploads\/2025\/12\/IMG_3768-1024x768.jpeg\" alt=\"\" class=\"wp-image-20269\" srcset=\"https:\/\/uneadresseaparis.ovh\/wp-content\/uploads\/2025\/12\/IMG_3768-1024x768.jpeg 1024w, https:\/\/uneadresseaparis.ovh\/wp-content\/uploads\/2025\/12\/IMG_3768-300x225.jpeg 300w, https:\/\/uneadresseaparis.ovh\/wp-content\/uploads\/2025\/12\/IMG_3768-768x576.jpeg 768w, https:\/\/uneadresseaparis.ovh\/wp-content\/uploads\/2025\/12\/IMG_3768-1536x1152.jpeg 1536w, https:\/\/uneadresseaparis.ovh\/wp-content\/uploads\/2025\/12\/IMG_3768-2048x1536.jpeg 2048w\" sizes=\"auto, (max-width: 1024px) 100vw, 1024px\" \/><button\n\t\t\tclass=\"lightbox-trigger\"\n\t\t\ttype=\"button\"\n\t\t\taria-haspopup=\"dialog\"\n\t\t\taria-label=\"Enlarge\"\n\t\t\tdata-wp-init=\"callbacks.initTriggerButton\"\n\t\t\tdata-wp-on--click=\"actions.showLightbox\"\n\t\t\tdata-wp-style--right=\"state.imageButtonRight\"\n\t\t\tdata-wp-style--top=\"state.imageButtonTop\"\n\t\t>\n\t\t\t<svg xmlns=\"http:\/\/www.w3.org\/2000\/svg\" width=\"12\" height=\"12\" fill=\"none\" viewBox=\"0 0 12 12\">\n\t\t\t\t<path fill=\"#fff\" d=\"M2 0a2 2 0 0 0-2 2v2h1.5V2a.5.5 0 0 1 .5-.5h2V0H2Zm2 10.5H2a.5.5 0 0 1-.5-.5V8H0v2a2 2 0 0 0 2 2h2v-1.5ZM8 12v-1.5h2a.5.5 0 0 0 .5-.5V8H12v2a2 2 0 0 1-2 2H8Zm2-12a2 2 0 0 1 2 2v2h-1.5V2a.5.5 0 0 0-.5-.5H8V0h2Z\" \/>\n\t\t\t<\/svg>\n\t\t<\/button><figcaption class=\"wp-element-caption\">S\u00e9jour<\/figcaption><\/figure>\n\n\n\n<figure data-wp-context=\"{&quot;imageId&quot;:&quot;69d9e042eae09&quot;}\" data-wp-interactive=\"core\/image\" data-wp-key=\"69d9e042eae09\" class=\"wp-block-image size-large wp-lightbox-container\"><img loading=\"lazy\" decoding=\"async\" width=\"768\" height=\"1024\" data-wp-class--hide=\"state.isContentHidden\" data-wp-class--show=\"state.isContentVisible\" data-wp-init=\"callbacks.setButtonStyles\" data-wp-on--click=\"actions.showLightbox\" data-wp-on--load=\"callbacks.setButtonStyles\" data-wp-on-window--resize=\"callbacks.setButtonStyles\" data-id=\"20270\" src=\"https:\/\/uneadresseaparis.ovh\/wp-content\/uploads\/2025\/11\/IMG_3648-768x1024.jpeg\" alt=\"\" class=\"wp-image-20270\" srcset=\"https:\/\/uneadresseaparis.ovh\/wp-content\/uploads\/2025\/11\/IMG_3648-768x1024.jpeg 768w, https:\/\/uneadresseaparis.ovh\/wp-content\/uploads\/2025\/11\/IMG_3648-225x300.jpeg 225w, https:\/\/uneadresseaparis.ovh\/wp-content\/uploads\/2025\/11\/IMG_3648-1152x1536.jpeg 1152w, https:\/\/uneadresseaparis.ovh\/wp-content\/uploads\/2025\/11\/IMG_3648-1536x2048.jpeg 1536w, https:\/\/uneadresseaparis.ovh\/wp-content\/uploads\/2025\/11\/IMG_3648-scaled.jpeg 1920w\" sizes=\"auto, (max-width: 768px) 100vw, 768px\" \/><button\n\t\t\tclass=\"lightbox-trigger\"\n\t\t\ttype=\"button\"\n\t\t\taria-haspopup=\"dialog\"\n\t\t\taria-label=\"Enlarge\"\n\t\t\tdata-wp-init=\"callbacks.initTriggerButton\"\n\t\t\tdata-wp-on--click=\"actions.showLightbox\"\n\t\t\tdata-wp-style--right=\"state.imageButtonRight\"\n\t\t\tdata-wp-style--top=\"state.imageButtonTop\"\n\t\t>\n\t\t\t<svg xmlns=\"http:\/\/www.w3.org\/2000\/svg\" width=\"12\" height=\"12\" fill=\"none\" viewBox=\"0 0 12 12\">\n\t\t\t\t<path fill=\"#fff\" d=\"M2 0a2 2 0 0 0-2 2v2h1.5V2a.5.5 0 0 1 .5-.5h2V0H2Zm2 10.5H2a.5.5 0 0 1-.5-.5V8H0v2a2 2 0 0 0 2 2h2v-1.5ZM8 12v-1.5h2a.5.5 0 0 0 .5-.5V8H12v2a2 2 0 0 1-2 2H8Zm2-12a2 2 0 0 1 2 2v2h-1.5V2a.5.5 0 0 0-.5-.5H8V0h2Z\" \/>\n\t\t\t<\/svg>\n\t\t<\/button><figcaption class=\"wp-element-caption\">Rue Saint-Sauveur<\/figcaption><\/figure>\n\n\n\n<figure data-wp-context=\"{&quot;imageId&quot;:&quot;69d9e042eb278&quot;}\" data-wp-interactive=\"core\/image\" data-wp-key=\"69d9e042eb278\" class=\"wp-block-image size-large wp-lightbox-container\"><img loading=\"lazy\" decoding=\"async\" width=\"1024\" height=\"680\" data-wp-class--hide=\"state.isContentHidden\" data-wp-class--show=\"state.isContentVisible\" data-wp-init=\"callbacks.setButtonStyles\" data-wp-on--click=\"actions.showLightbox\" data-wp-on--load=\"callbacks.setButtonStyles\" data-wp-on-window--resize=\"callbacks.setButtonStyles\" data-id=\"20040\" src=\"https:\/\/uneadresseaparis.ovh\/wp-content\/uploads\/2025\/09\/2-1024x680.png\" alt=\"S\u00e9jour\" class=\"wp-image-20040\" srcset=\"https:\/\/uneadresseaparis.ovh\/wp-content\/uploads\/2025\/09\/2-1024x680.png 1024w, https:\/\/uneadresseaparis.ovh\/wp-content\/uploads\/2025\/09\/2-300x199.png 300w, https:\/\/uneadresseaparis.ovh\/wp-content\/uploads\/2025\/09\/2-768x510.png 768w, https:\/\/uneadresseaparis.ovh\/wp-content\/uploads\/2025\/09\/2-1536x1020.png 1536w, https:\/\/uneadresseaparis.ovh\/wp-content\/uploads\/2025\/09\/2.png 1668w\" sizes=\"auto, (max-width: 1024px) 100vw, 1024px\" \/><button\n\t\t\tclass=\"lightbox-trigger\"\n\t\t\ttype=\"button\"\n\t\t\taria-haspopup=\"dialog\"\n\t\t\taria-label=\"Enlarge\"\n\t\t\tdata-wp-init=\"callbacks.initTriggerButton\"\n\t\t\tdata-wp-on--click=\"actions.showLightbox\"\n\t\t\tdata-wp-style--right=\"state.imageButtonRight\"\n\t\t\tdata-wp-style--top=\"state.imageButtonTop\"\n\t\t>\n\t\t\t<svg xmlns=\"http:\/\/www.w3.org\/2000\/svg\" width=\"12\" height=\"12\" fill=\"none\" viewBox=\"0 0 12 12\">\n\t\t\t\t<path fill=\"#fff\" d=\"M2 0a2 2 0 0 0-2 2v2h1.5V2a.5.5 0 0 1 .5-.5h2V0H2Zm2 10.5H2a.5.5 0 0 1-.5-.5V8H0v2a2 2 0 0 0 2 2h2v-1.5ZM8 12v-1.5h2a.5.5 0 0 0 .5-.5V8H12v2a2 2 0 0 1-2 2H8Zm2-12a2 2 0 0 1 2 2v2h-1.5V2a.5.5 0 0 0-.5-.5H8V0h2Z\" \/>\n\t\t\t<\/svg>\n\t\t<\/button><figcaption class=\"wp-element-caption\">S\u00e9jour<\/figcaption><\/figure>\n\n\n\n<figure data-wp-context=\"{&quot;imageId&quot;:&quot;69d9e042eb5e2&quot;}\" data-wp-interactive=\"core\/image\" data-wp-key=\"69d9e042eb5e2\" class=\"wp-block-image size-large wp-lightbox-container\"><img loading=\"lazy\" decoding=\"async\" width=\"1024\" height=\"681\" data-wp-class--hide=\"state.isContentHidden\" data-wp-class--show=\"state.isContentVisible\" data-wp-init=\"callbacks.setButtonStyles\" data-wp-on--click=\"actions.showLightbox\" data-wp-on--load=\"callbacks.setButtonStyles\" data-wp-on-window--resize=\"callbacks.setButtonStyles\" data-id=\"20041\" src=\"https:\/\/uneadresseaparis.ovh\/wp-content\/uploads\/2025\/09\/3-1024x681.png\" alt=\"S\u00e9jour\" class=\"wp-image-20041\" srcset=\"https:\/\/uneadresseaparis.ovh\/wp-content\/uploads\/2025\/09\/3-1024x681.png 1024w, https:\/\/uneadresseaparis.ovh\/wp-content\/uploads\/2025\/09\/3-300x200.png 300w, https:\/\/uneadresseaparis.ovh\/wp-content\/uploads\/2025\/09\/3-768x511.png 768w, https:\/\/uneadresseaparis.ovh\/wp-content\/uploads\/2025\/09\/3-1536x1022.png 1536w, https:\/\/uneadresseaparis.ovh\/wp-content\/uploads\/2025\/09\/3.png 1668w\" sizes=\"auto, (max-width: 1024px) 100vw, 1024px\" \/><button\n\t\t\tclass=\"lightbox-trigger\"\n\t\t\ttype=\"button\"\n\t\t\taria-haspopup=\"dialog\"\n\t\t\taria-label=\"Enlarge\"\n\t\t\tdata-wp-init=\"callbacks.initTriggerButton\"\n\t\t\tdata-wp-on--click=\"actions.showLightbox\"\n\t\t\tdata-wp-style--right=\"state.imageButtonRight\"\n\t\t\tdata-wp-style--top=\"state.imageButtonTop\"\n\t\t>\n\t\t\t<svg xmlns=\"http:\/\/www.w3.org\/2000\/svg\" width=\"12\" height=\"12\" fill=\"none\" viewBox=\"0 0 12 12\">\n\t\t\t\t<path fill=\"#fff\" d=\"M2 0a2 2 0 0 0-2 2v2h1.5V2a.5.5 0 0 1 .5-.5h2V0H2Zm2 10.5H2a.5.5 0 0 1-.5-.5V8H0v2a2 2 0 0 0 2 2h2v-1.5ZM8 12v-1.5h2a.5.5 0 0 0 .5-.5V8H12v2a2 2 0 0 1-2 2H8Zm2-12a2 2 0 0 1 2 2v2h-1.5V2a.5.5 0 0 0-.5-.5H8V0h2Z\" \/>\n\t\t\t<\/svg>\n\t\t<\/button><figcaption class=\"wp-element-caption\">S\u00e9jour<\/figcaption><\/figure>\n\n\n\n<figure data-wp-context=\"{&quot;imageId&quot;:&quot;69d9e042eb905&quot;}\" data-wp-interactive=\"core\/image\" data-wp-key=\"69d9e042eb905\" class=\"wp-block-image size-large wp-lightbox-container\"><img loading=\"lazy\" decoding=\"async\" width=\"1024\" height=\"681\" data-wp-class--hide=\"state.isContentHidden\" data-wp-class--show=\"state.isContentVisible\" data-wp-init=\"callbacks.setButtonStyles\" data-wp-on--click=\"actions.showLightbox\" data-wp-on--load=\"callbacks.setButtonStyles\" data-wp-on-window--resize=\"callbacks.setButtonStyles\" data-id=\"20042\" src=\"https:\/\/uneadresseaparis.ovh\/wp-content\/uploads\/2025\/09\/4-1024x681.png\" alt=\"S\u00e9jour\" class=\"wp-image-20042\" srcset=\"https:\/\/uneadresseaparis.ovh\/wp-content\/uploads\/2025\/09\/4-1024x681.png 1024w, https:\/\/uneadresseaparis.ovh\/wp-content\/uploads\/2025\/09\/4-300x200.png 300w, https:\/\/uneadresseaparis.ovh\/wp-content\/uploads\/2025\/09\/4-768x511.png 768w, https:\/\/uneadresseaparis.ovh\/wp-content\/uploads\/2025\/09\/4-1536x1022.png 1536w, https:\/\/uneadresseaparis.ovh\/wp-content\/uploads\/2025\/09\/4.png 1668w\" sizes=\"auto, (max-width: 1024px) 100vw, 1024px\" \/><button\n\t\t\tclass=\"lightbox-trigger\"\n\t\t\ttype=\"button\"\n\t\t\taria-haspopup=\"dialog\"\n\t\t\taria-label=\"Enlarge\"\n\t\t\tdata-wp-init=\"callbacks.initTriggerButton\"\n\t\t\tdata-wp-on--click=\"actions.showLightbox\"\n\t\t\tdata-wp-style--right=\"state.imageButtonRight\"\n\t\t\tdata-wp-style--top=\"state.imageButtonTop\"\n\t\t>\n\t\t\t<svg xmlns=\"http:\/\/www.w3.org\/2000\/svg\" width=\"12\" height=\"12\" fill=\"none\" viewBox=\"0 0 12 12\">\n\t\t\t\t<path fill=\"#fff\" d=\"M2 0a2 2 0 0 0-2 2v2h1.5V2a.5.5 0 0 1 .5-.5h2V0H2Zm2 10.5H2a.5.5 0 0 1-.5-.5V8H0v2a2 2 0 0 0 2 2h2v-1.5ZM8 12v-1.5h2a.5.5 0 0 0 .5-.5V8H12v2a2 2 0 0 1-2 2H8Zm2-12a2 2 0 0 1 2 2v2h-1.5V2a.5.5 0 0 0-.5-.5H8V0h2Z\" \/>\n\t\t\t<\/svg>\n\t\t<\/button><figcaption class=\"wp-element-caption\">S\u00e9jour<\/figcaption><\/figure>\n\n\n\n<figure data-wp-context=\"{&quot;imageId&quot;:&quot;69d9e042ebcad&quot;}\" data-wp-interactive=\"core\/image\" data-wp-key=\"69d9e042ebcad\" class=\"wp-block-image size-large wp-lightbox-container\"><img loading=\"lazy\" decoding=\"async\" width=\"1024\" height=\"681\" data-wp-class--hide=\"state.isContentHidden\" data-wp-class--show=\"state.isContentVisible\" data-wp-init=\"callbacks.setButtonStyles\" data-wp-on--click=\"actions.showLightbox\" data-wp-on--load=\"callbacks.setButtonStyles\" data-wp-on-window--resize=\"callbacks.setButtonStyles\" data-id=\"20043\" src=\"https:\/\/uneadresseaparis.ovh\/wp-content\/uploads\/2025\/09\/5-1024x681.png\" alt=\"Cuisine\" class=\"wp-image-20043\" srcset=\"https:\/\/uneadresseaparis.ovh\/wp-content\/uploads\/2025\/09\/5-1024x681.png 1024w, https:\/\/uneadresseaparis.ovh\/wp-content\/uploads\/2025\/09\/5-300x200.png 300w, https:\/\/uneadresseaparis.ovh\/wp-content\/uploads\/2025\/09\/5-768x511.png 768w, https:\/\/uneadresseaparis.ovh\/wp-content\/uploads\/2025\/09\/5-1536x1022.png 1536w, https:\/\/uneadresseaparis.ovh\/wp-content\/uploads\/2025\/09\/5.png 1668w\" sizes=\"auto, (max-width: 1024px) 100vw, 1024px\" \/><button\n\t\t\tclass=\"lightbox-trigger\"\n\t\t\ttype=\"button\"\n\t\t\taria-haspopup=\"dialog\"\n\t\t\taria-label=\"Enlarge\"\n\t\t\tdata-wp-init=\"callbacks.initTriggerButton\"\n\t\t\tdata-wp-on--click=\"actions.showLightbox\"\n\t\t\tdata-wp-style--right=\"state.imageButtonRight\"\n\t\t\tdata-wp-style--top=\"state.imageButtonTop\"\n\t\t>\n\t\t\t<svg xmlns=\"http:\/\/www.w3.org\/2000\/svg\" width=\"12\" height=\"12\" fill=\"none\" viewBox=\"0 0 12 12\">\n\t\t\t\t<path fill=\"#fff\" d=\"M2 0a2 2 0 0 0-2 2v2h1.5V2a.5.5 0 0 1 .5-.5h2V0H2Zm2 10.5H2a.5.5 0 0 1-.5-.5V8H0v2a2 2 0 0 0 2 2h2v-1.5ZM8 12v-1.5h2a.5.5 0 0 0 .5-.5V8H12v2a2 2 0 0 1-2 2H8Zm2-12a2 2 0 0 1 2 2v2h-1.5V2a.5.5 0 0 0-.5-.5H8V0h2Z\" \/>\n\t\t\t<\/svg>\n\t\t<\/button><figcaption class=\"wp-element-caption\">Cuisine<\/figcaption><\/figure>\n\n\n\n<figure data-wp-context=\"{&quot;imageId&quot;:&quot;69d9e042ec05e&quot;}\" data-wp-interactive=\"core\/image\" data-wp-key=\"69d9e042ec05e\" class=\"wp-block-image size-large wp-lightbox-container\"><img loading=\"lazy\" decoding=\"async\" width=\"1024\" height=\"681\" data-wp-class--hide=\"state.isContentHidden\" data-wp-class--show=\"state.isContentVisible\" data-wp-init=\"callbacks.setButtonStyles\" data-wp-on--click=\"actions.showLightbox\" data-wp-on--load=\"callbacks.setButtonStyles\" data-wp-on-window--resize=\"callbacks.setButtonStyles\" data-id=\"20044\" src=\"https:\/\/uneadresseaparis.ovh\/wp-content\/uploads\/2025\/09\/6-1024x681.png\" alt=\"Salle d'eau\" class=\"wp-image-20044\" srcset=\"https:\/\/uneadresseaparis.ovh\/wp-content\/uploads\/2025\/09\/6-1024x681.png 1024w, https:\/\/uneadresseaparis.ovh\/wp-content\/uploads\/2025\/09\/6-300x200.png 300w, https:\/\/uneadresseaparis.ovh\/wp-content\/uploads\/2025\/09\/6-768x511.png 768w, https:\/\/uneadresseaparis.ovh\/wp-content\/uploads\/2025\/09\/6-1536x1022.png 1536w, https:\/\/uneadresseaparis.ovh\/wp-content\/uploads\/2025\/09\/6.png 1668w\" sizes=\"auto, (max-width: 1024px) 100vw, 1024px\" \/><button\n\t\t\tclass=\"lightbox-trigger\"\n\t\t\ttype=\"button\"\n\t\t\taria-haspopup=\"dialog\"\n\t\t\taria-label=\"Enlarge\"\n\t\t\tdata-wp-init=\"callbacks.initTriggerButton\"\n\t\t\tdata-wp-on--click=\"actions.showLightbox\"\n\t\t\tdata-wp-style--right=\"state.imageButtonRight\"\n\t\t\tdata-wp-style--top=\"state.imageButtonTop\"\n\t\t>\n\t\t\t<svg xmlns=\"http:\/\/www.w3.org\/2000\/svg\" width=\"12\" height=\"12\" fill=\"none\" viewBox=\"0 0 12 12\">\n\t\t\t\t<path fill=\"#fff\" d=\"M2 0a2 2 0 0 0-2 2v2h1.5V2a.5.5 0 0 1 .5-.5h2V0H2Zm2 10.5H2a.5.5 0 0 1-.5-.5V8H0v2a2 2 0 0 0 2 2h2v-1.5ZM8 12v-1.5h2a.5.5 0 0 0 .5-.5V8H12v2a2 2 0 0 1-2 2H8Zm2-12a2 2 0 0 1 2 2v2h-1.5V2a.5.5 0 0 0-.5-.5H8V0h2Z\" \/>\n\t\t\t<\/svg>\n\t\t<\/button><figcaption class=\"wp-element-caption\">Salle d&#8217;eau<\/figcaption><\/figure>\n<\/figure>\n\n\n\n<h2 class=\"wp-block-heading\" id=\"map\">O\u00f9 nous trouver<\/h2>\n\n\n\n<div class=\"map-embed\" style=\"border:1px solid #EDEDED;border-radius:12px;overflow:hidden\">\n<iframe loading=\"lazy\" referrerpolicy=\"no-referrer-when-downgrade\" allowfullscreen\nsrc=\"https:\/\/www.google.com\/maps?q=Rue%20Saint-Denis%20%26%20Rue%20Saint-Sauveur%2C%20Paris&#038;z=17&#038;output=embed\"\nstyle=\"width:100%;height:360px;border:0\"><\/iframe>\n<\/div>\n<\/div>\n","protected":false},"excerpt":{"rendered":"<p>Le charme d\u2019hier, la douceur d\u2019aujourd\u2019hui Pied \u00e0 terre central tout confort Posez vos valises, Paris est \u00e0 vous! Nich\u00e9 \u00e0 la crois\u00e9e des rues Saint\u2011Denis et Saint\u2011Sauveur, au coeur du 2e arrondissement, ce chaleureux studio baign\u00e9 de lumi\u00e8re offre tout le confort d&#8217;un pied-\u00e0-terre en ville. \u00c9difi\u00e9 aux alentours de\u00a01780, cet immeuble incarne l&#8217;\u00e9l\u00e9gance [&hellip;]<\/p>\n","protected":false},"author":1,"featured_media":0,"parent":0,"menu_order":0,"comment_status":"closed","ping_status":"closed","template":"","meta":{"footnotes":""},"class_list":["post-20001","page","type-page","status-publish","hentry"],"_links":{"self":[{"href":"https:\/\/uneadresseaparis.ovh\/index.php\/wp-json\/wp\/v2\/pages\/20001","targetHints":{"allow":["GET"]}}],"collection":[{"href":"https:\/\/uneadresseaparis.ovh\/index.php\/wp-json\/wp\/v2\/pages"}],"about":[{"href":"https:\/\/uneadresseaparis.ovh\/index.php\/wp-json\/wp\/v2\/types\/page"}],"author":[{"embeddable":true,"href":"https:\/\/uneadresseaparis.ovh\/index.php\/wp-json\/wp\/v2\/users\/1"}],"replies":[{"embeddable":true,"href":"https:\/\/uneadresseaparis.ovh\/index.php\/wp-json\/wp\/v2\/comments?post=20001"}],"version-history":[{"count":22,"href":"https:\/\/uneadresseaparis.ovh\/index.php\/wp-json\/wp\/v2\/pages\/20001\/revisions"}],"predecessor-version":[{"id":20278,"href":"https:\/\/uneadresseaparis.ovh\/index.php\/wp-json\/wp\/v2\/pages\/20001\/revisions\/20278"}],"wp:attachment":[{"href":"https:\/\/uneadresseaparis.ovh\/index.php\/wp-json\/wp\/v2\/media?parent=20001"}],"curies":[{"name":"wp","href":"https:\/\/api.w.org\/{rel}","templated":true}]}}