{"id":20012,"date":"2025-09-21T20:00:07","date_gmt":"2025-09-21T20:00:07","guid":{"rendered":"http:\/\/uneadresseaparis.ovh\/?page_id=20012"},"modified":"2025-12-20T11:13:59","modified_gmt":"2025-12-20T11:13:59","slug":"quartier","status":"publish","type":"page","link":"https:\/\/uneadresseaparis.ovh\/index.php\/fr\/accueil\/quartier\/","title":{"rendered":"Le quartier"},"content":{"rendered":"\n<p>Quelques unes des adresses que nous avons test\u00e9es et approuv\u00e9es.<\/p>\n\n\n\n<h3 class=\"wp-block-heading\">Caf\u00e9s<\/h3>\n\n\n\n<ul class=\"wp-block-list\">\n<li><a href=\"https:\/\/www.instagram.com\/cafemadamparis\/\" target=\"_blank\" rel=\"noreferrer noopener\">Caf\u00e9 Madam<\/a> &#8211; 150 Rue Saint\u2011Denis \u20ac \u22641&nbsp;min<br>Caf\u00e9 familial, boissons &amp; petite restauration.<\/li>\n\n\n\n<li><a href=\"https:\/\/www.instagram.com\/days.paris\/\" target=\"_blank\" rel=\"noreferrer noopener\">DAYS<\/a> &#8211; 2 Rue Saint\u2011Sauveur \u20ac \u22641&nbsp;min<br>Coffee counter &amp; luncheonette<\/li>\n\n\n\n<li><a href=\"https:\/\/www.instagram.com\/nami.coffee\/\" data-type=\"link\" data-id=\"https:\/\/www.instagram.com\/nami.coffee\/\">Nami Coffee Shop<\/a> &#8211; 145 Rue Saint-Denis \u20ac \u22643&nbsp;min<\/li>\n\n\n\n<li><a href=\"https:\/\/tanat.coffee\/\" data-type=\"link\" data-id=\"https:\/\/tanat.coffee\/\">Tanat &#8211; Tiquetonne<\/a> &#8211; 46 Rue Tiquetonne \u20ac \u22646&nbsp;min<\/li>\n\n\n\n<li><a href=\"https:\/\/monocle.com\/about\/contacts\/\" data-type=\"link\" data-id=\"https:\/\/monocle.com\/about\/contacts\/\">The Monocle Caf\u00e9 &amp; Shop<\/a> &#8211; 16 Rue Bachaumont \u20ac \u22646&nbsp;min<\/li>\n<\/ul>\n\n\n\n<h3 class=\"wp-block-heading\">Boulangeries<\/h3>\n\n\n\n<ul class=\"wp-block-list\">\n<li><a href=\"http:\/\/www.thefrenchbastards.fr\/\" data-type=\"link\" data-id=\"http:\/\/www.thefrenchbastards.fr\/\">The French Bastards<\/a> &#8211; 181 Rue Saint-Denis \u20ac \u22641&nbsp;min<\/li>\n\n\n\n<li><a href=\"https:\/\/www.boetmie.com\/\" data-type=\"link\" data-id=\"https:\/\/www.boetmie.com\/\">BO&amp;MIE<\/a> &#8211; 18 R. de Turbigo \u20ac \u22645&nbsp;min<\/li>\n\n\n\n<li><a href=\"http:\/\/www.copains-paris.com\/\" data-type=\"link\" data-id=\"http:\/\/www.copains-paris.com\/\">Copains<\/a> &#8211; 60 Rue Tiquetonne \u20ac \u226410&nbsp;min<\/li>\n\n\n\n<li><a href=\"https:\/\/stohrer.fr\/\" target=\"_blank\" rel=\"noreferrer noopener\">Stohrer<\/a> &#8211; 51 Rue Montorgueil \u20ac\u20ac \u226410&nbsp;min <br>P\u00e2tisserie mythique (1730), baba au rhum, \u00e9clairs.<\/li>\n<\/ul>\n\n\n\n<h3 class=\"wp-block-heading\">Restos<\/h3>\n\n\n\n<ul class=\"wp-block-list\">\n<li>Tbilissi &#8211; 186 Rue Saint-Denis (au nord de R\u00e9aumur)<\/li>\n\n\n\n<li>La Cevicheria &#8211; 14 Rue Bachaumont &#8211; \u20ac\u20ac \u22647&nbsp;min<\/li>\n\n\n\n<li>Aussi: \n<ul class=\"wp-block-list\">\n<li>Recommandations <a href=\"https:\/\/parissecret.com\/les-meilleurs-restaurants-du-2e-arrondissement-de-paris\/\" data-type=\"link\" data-id=\"https:\/\/parissecret.com\/les-meilleurs-restaurants-du-2e-arrondissement-de-paris\/\">Paris Secret<\/a><\/li>\n\n\n\n<li>Recommandations <a href=\"https:\/\/guide.michelin.com\/en\/fr\/ile-de-france\/2eme-arrondissement-paris_1551223\/restaurants?sort=distance\" data-type=\"link\" data-id=\"https:\/\/guide.michelin.com\/en\/fr\/ile-de-france\/2eme-arrondissement-paris_1551223\/restaurants?sort=distance\">Guide Michelin<\/a><\/li>\n\n\n\n<li>Recommendations <a href=\"https:\/\/www.lemonde.fr\/m-styles\/article\/2025\/02\/09\/15-restaurants-a-prix-doux-pour-dejeuner-a-paris-et-en-petite-couronne_6538287_4497319.html\" data-type=\"link\" data-id=\"https:\/\/www.lemonde.fr\/m-styles\/article\/2025\/02\/09\/15-restaurants-a-prix-doux-pour-dejeuner-a-paris-et-en-petite-couronne_6538287_4497319.html\">Le Monde<\/a> (3 resto tout pr\u00e8s du studio)<\/li>\n<\/ul>\n<\/li>\n<\/ul>\n\n\n\n<h3 class=\"wp-block-heading\">\u00c9piceries, march\u00e9s &amp; vins<\/h3>\n\n\n\n<ul class=\"wp-block-list\">\n<li><a href=\"https:\/\/maps.app.goo.gl\/UR3Mj6kgEkZYFrEUA\" target=\"_blank\" rel=\"noreferrer noopener\">Monoprix<\/a> &#8211; Supermarch\u00e9 \u20ac \u22645&nbsp;min<\/li>\n\n\n\n<li><a href=\"https:\/\/maps.app.goo.gl\/usSibqWQw267suyx9\" target=\"_blank\" rel=\"noreferrer noopener\">Biocoop<\/a> &#8211; \u00c9picerie bio \u20ac \u22645&nbsp;min<\/li>\n\n\n\n<li><a href=\"https:\/\/maps.app.goo.gl\/Kh9uQraWmSVK8oQ96\" target=\"_blank\" rel=\"noreferrer noopener\">Naturalia<\/a> &#8211; Bio supermarch\u00e9 \u20ac\u20ac \u22645&nbsp;min<\/li>\n\n\n\n<li>Et la Rue Montorgueil, qui vaut le d\u00e9tour !<\/li>\n<\/ul>\n\n\n\n<h3 class=\"wp-block-heading\">Culture, galeries &amp; cin\u00e9s<\/h3>\n\n\n\n<ul class=\"wp-block-list\">\n<li><a href=\"https:\/\/www.pinaultcollection.com\/fr\/boursedecommerce\" target=\"_blank\" rel=\"noreferrer noopener\">Bourse de Commerce \u2014 Pinault Collection<\/a> \u226412&nbsp;min <br>Art contemporain dans l\u2019ancienne halle aux bl\u00e9s.<\/li>\n\n\n\n<li><a href=\"https:\/\/www.arts-et-metiers.net\/\" target=\"_blank\" rel=\"noreferrer noopener\">Mus\u00e9e des Arts et M\u00e9tiers<\/a> \u226412&nbsp;min<br>Inventions &amp; design technique, mus\u00e9e discret et superbe.<\/li>\n\n\n\n<li><a href=\"https:\/\/59rivoli.org\/\" target=\"_blank\" rel=\"noreferrer noopener\">59 Rivoli<\/a> \u226412&nbsp;min<br>Ateliers d\u2019artistes ouverts au public (mar\u2011dim).<\/li>\n\n\n\n<li><a href=\"https:\/\/www.legrandrex.com\/\" target=\"_blank\" rel=\"noreferrer noopener\">Le Grand Rex<\/a> \u226412\u00a0min<br>Cin\u00e9ma Art d\u00e9co + visite des coulisses (Rex Studios)<\/li>\n<\/ul>\n\n\n\n<h3 class=\"wp-block-heading\">Course \u00e0 pied<\/h3>\n\n\n\n<ul class=\"wp-block-list\">\n<li><a href=\"https:\/\/www.paris.fr\/pages\/les-rives-de-seine-s-offrent-a-vous-21328\" target=\"_blank\" rel=\"noreferrer noopener\">Parc Rives de Seine<\/a> \u226415&nbsp;min <br>Berges pi\u00e9tonnes pour 6\u20138&nbsp;km en bord de Seine.<\/li>\n<\/ul>\n","protected":false},"excerpt":{"rendered":"<p>Quelques unes des adresses que nous avons test\u00e9es et approuv\u00e9es. Caf\u00e9s Boulangeries Restos \u00c9piceries, march\u00e9s &amp; vins Culture, galeries &amp; cin\u00e9s Course \u00e0 pied<\/p>\n","protected":false},"author":1,"featured_media":0,"parent":20001,"menu_order":0,"comment_status":"closed","ping_status":"closed","template":"","meta":{"footnotes":""},"class_list":["post-20012","page","type-page","status-publish","hentry"],"_links":{"self":[{"href":"https:\/\/uneadresseaparis.ovh\/index.php\/wp-json\/wp\/v2\/pages\/20012","targetHints":{"allow":["GET"]}}],"collection":[{"href":"https:\/\/uneadresseaparis.ovh\/index.php\/wp-json\/wp\/v2\/pages"}],"about":[{"href":"https:\/\/uneadresseaparis.ovh\/index.php\/wp-json\/wp\/v2\/types\/page"}],"author":[{"embeddable":true,"href":"https:\/\/uneadresseaparis.ovh\/index.php\/wp-json\/wp\/v2\/users\/1"}],"replies":[{"embeddable":true,"href":"https:\/\/uneadresseaparis.ovh\/index.php\/wp-json\/wp\/v2\/comments?post=20012"}],"version-history":[{"count":13,"href":"https:\/\/uneadresseaparis.ovh\/index.php\/wp-json\/wp\/v2\/pages\/20012\/revisions"}],"predecessor-version":[{"id":20259,"href":"https:\/\/uneadresseaparis.ovh\/index.php\/wp-json\/wp\/v2\/pages\/20012\/revisions\/20259"}],"up":[{"embeddable":true,"href":"https:\/\/uneadresseaparis.ovh\/index.php\/wp-json\/wp\/v2\/pages\/20001"}],"wp:attachment":[{"href":"https:\/\/uneadresseaparis.ovh\/index.php\/wp-json\/wp\/v2\/media?parent=20012"}],"curies":[{"name":"wp","href":"https:\/\/api.w.org\/{rel}","templated":true}]}}